{"id":2585,"date":"2022-06-30T11:59:32","date_gmt":"2022-06-30T09:59:32","guid":{"rendered":"https:\/\/www.restaurantedespedidas.es\/privacy-policy\/"},"modified":"2022-07-18T13:56:31","modified_gmt":"2022-07-18T11:56:31","slug":"privacy-policy","status":"publish","type":"page","link":"https:\/\/www.restaurantedespedidas.es\/en\/privacy-policy\/","title":{"rendered":"Privacy Policy"},"content":{"rendered":"\t\t<div data-elementor-type=\"wp-page\" data-elementor-id=\"2585\" class=\"elementor elementor-2585 elementor-1091\" data-elementor-post-type=\"page\">\n\t\t\t\t\t\t<section class=\"elementor-section elementor-top-section elementor-element elementor-element-5296022 elementor-section-boxed elementor-section-height-default elementor-section-height-default\" data-id=\"5296022\" data-element_type=\"section\" data-e-type=\"section\" data-settings=\"{&quot;background_background&quot;:&quot;classic&quot;}\">\n\t\t\t\t\t\t<div class=\"elementor-container elementor-column-gap-no\">\n\t\t\t\t\t<div class=\"elementor-column elementor-col-100 elementor-top-column elementor-element elementor-element-6d84822\" data-id=\"6d84822\" data-element_type=\"column\" data-e-type=\"column\">\n\t\t\t<div class=\"elementor-widget-wrap elementor-element-populated\">\n\t\t\t\t\t\t<section class=\"elementor-section elementor-inner-section elementor-element elementor-element-2f387b7 elementor-section-boxed elementor-section-height-default elementor-section-height-default\" data-id=\"2f387b7\" data-element_type=\"section\" data-e-type=\"section\">\n\t\t\t\t\t\t<div class=\"elementor-container elementor-column-gap-no\">\n\t\t\t\t\t<div class=\"elementor-column elementor-col-100 elementor-inner-column elementor-element elementor-element-ae6a934\" data-id=\"ae6a934\" data-element_type=\"column\" data-e-type=\"column\">\n\t\t\t<div class=\"elementor-widget-wrap elementor-element-populated\">\n\t\t\t\t\t\t<div class=\"elementor-element elementor-element-66933f7 elementor-widget elementor-widget-heading\" data-id=\"66933f7\" data-element_type=\"widget\" data-e-type=\"widget\" data-widget_type=\"heading.default\">\n\t\t\t\t\t<h1 class=\"elementor-heading-title elementor-size-default\">PRIVACY POLICY<\/h1>\t\t\t\t<\/div>\n\t\t\t\t<div class=\"elementor-element elementor-element-e9e8b17 elementor-widget elementor-widget-heading\" data-id=\"e9e8b17\" data-element_type=\"widget\" data-e-type=\"widget\" data-widget_type=\"heading.default\">\n\t\t\t\t\t<h2 class=\"elementor-heading-title elementor-size-default\">La Cena de los Locos Restaurant<\/h2>\t\t\t\t<\/div>\n\t\t\t\t<div class=\"elementor-element elementor-element-dfa32f6 elementor-widget elementor-widget-text-editor\" data-id=\"dfa32f6\" data-element_type=\"widget\" data-e-type=\"widget\" data-widget_type=\"text-editor.default\">\n\t\t\t\t\t\t\t\t\t<div class=\"column dt-sc-three-five first\"><div class=\"column dt-sc-three-five first\"><h3 class=\"text-center\">1. Information to the user<\/h3><p class=\"text-justify\">Eventos Terra y Mar S.L., hereinafter RESPONSIBLE, is Responsible for the processing of the User&#8217;s personal data and informs you that these data will be processed in accordance with the provisions of current regulations on personal data protection, Regulation (EU) 2016 \/679 of April 27, 2016 (GDPR) regarding the protection of natural persons with regard to the processing of personal data and the free circulation of these data and Organic Law (ES) 15\/1999 of December 13 ( LOPD) regarding the protection of personal data, for which the following treatment information is provided:<br><br>End of treatment: maintain a commercial relationship with the User. The operations planned to carry out the treatment are:<\/p><div class=\"list9_red\"><ul><li>Remission of commercial advertising communications by email, fax, SMS, MMS, social communities or any other electronic or physical means, present or future, that makes it possible to carry out commercial communications. These communications will be made by the RESPONSIBLE and related to their products and services, or their collaborators or suppliers with whom they have reached a promotion agreement. In this case, third parties will never have access to personal data.<\/li><li>Carry out statistical studies.<\/li><li>Process orders, requests or any type of request that is made by the user through any of the contact forms that are made available to them.<\/li><li>Forward the newsletter on the website.<\/li><\/ul><\/div><p class=\"text-justify\">Data conservation criteria: they will be kept as long as there is a mutual interest to maintain the end of the treatment and when it is no longer necessary for that purpose, they will be deleted with adequate security measures to guarantee the pseudonymization of the data or the total destruction of the data. themselves.<br>Communication of the data: The data will not be communicated to third parties, except legal obligation.<br><br>Rights that assist the User:<\/p><div class=\"list9_red\"><ul><li>Right to withdraw consent at any time.<\/li><li>Right of access, rectification, portability and deletion of your data and the limitation or opposition to its treatment.<\/li><li>Right to file a claim with the control authority (agpd.es) if you consider that the treatment does not comply with current regulations.<\/li><li>Contact information to exercise your rights:<ul><li>Postal address: Eventos Terra y Mar S.L. Street Severo Ochoa, 5 4 28 46470 Albal (VALENCIA)<\/li><li>Email address: info@grupoasdepicas.es<\/li><\/ul><\/li><\/ul><\/div><p> <\/p><h3 class=\"text-center\">2. Mandatory or optional nature of the information provided by the user<\/h3><p class=\"text-justify\">The Users, by marking the corresponding boxes and entering data in the fields, marked with an asterisk (*) in the contact form or presented in download forms, expressly and freely and unequivocally accept that their data is necessary to meet your request, by the provider, the inclusion of data in the remaining fields being voluntary. The User guarantees that the personal data provided to the RESPONSIBLE is true and is responsible for communicating any changes to them. <br>El RESPONSABLE informa y garantiza expresamente a los usuarios que sus datos personales no ser\u00e1n cedidos en ning\u00fan caso a terceros, y que siempre que realizara alg\u00fan tipo de cesi\u00f3n de datos personales, se pedir\u00e1 previamente el consentimiento expreso, informado e inequ\u00edvoco por parte los Usuarios. All the data requested through the website are mandatory, since they are necessary for the provision of an optimal service to the User. In the event that all the data is not provided, it is not guaranteed that the information and services provided will be completely adjusted to your needs.<\/p><h3 class=\"text-center\">3. Security measures<\/h3><p class=\"text-justify\">That in accordance with the provisions of current regulations on the protection of personal data, the RESPONSIBLE is complying with all the provisions of the GDPR and LOPD regulations for the processing of personal data for which they are responsible, and manifestly with the principles described in the article 5 of the GDPR and in article 4 of the LOPD, by which they are treated in a lawful, loyal and transparent manner in relation to the interested party and adequate, pertinent and limited to what is necessary in relation to the purposes for which they are treated.<br>The CONTROLLER guarantees that it has implemented appropriate technical and organizational policies to apply the security measures established by the GDPR and the LOPD in order to protect the rights and freedoms of Users and has communicated the appropriate information so that they can exercise them.<\/p><div class=\"clear\"> <\/div><hr><div class=\"clear\"> <\/div><h2 class=\"text-center\">Publication of Audiovisuals for media purposes<\/h2><p class=\"text-justify\">Events Terra y Mar S.L. is the Responsible for the treatment of the personal data of the Interested Party and informs you that these data will be treated in accordance with the provisions of current regulations on personal data protection, Regulation (EU) 2016\/679 of April 27, 2016 (GDPR) , the Organic Law (ES) 15\/1999 of December 13 (LOPD), and the Law (ES) 1\/1982 on civil protection, the right to honor, personal and family privacy and the image itself, for which it is provided the following treatment information:<br><br>End of the treatment: recording of images and videos to manage the correct development of the activities carried out in the premises of the person in charge of the treatment to publicize them in the media. In no case will the name of the Interested Party be published.<br><br>Data conservation criteria: they will be kept as long as there is a mutual interest to maintain the end of the treatment and when it is no longer necessary for that purpose, they will be deleted with adequate security measures to guarantee the pseudonymization of the data or the total destruction of the data. themselves.<br><br>Communication of the data: The images will be transmitted to the media that the Responsible considers appropriate for the purpose described.<br><br>Opposition to treatment: If the Interested Party does not wish to be exposed to any image recording, they must indicate this to the person in charge of the premises so that they can be notified at the time of making them.<br><br>Rights of the Interested Party:<\/p><div class=\"list9_red\"><ul><li>Right of access, rectification, portability and deletion of your data and the limitation or opposition to its treatment.<\/li><li>Right to file a claim with the Control Authority (agpd.es) if you consider that the treatment does not comply with current regulations.<\/li><\/ul><\/div><p class=\"text-justify\">Contact information to exercise your rights:<br><br>Eventos Terra y Mar S.L.. Street Severo Ochoa, 5 4 28 46470 Albal (VALENCIA).<\/p><\/div><\/div>\t\t\t\t\t\t\t\t<\/div>\n\t\t\t\t\t<\/div>\n\t\t<\/div>\n\t\t\t\t\t<\/div>\n\t\t<\/section>\n\t\t\t\t\t<\/div>\n\t\t<\/div>\n\t\t\t\t\t<\/div>\n\t\t<\/section>\n\t\t\t\t<\/div>\n\t\t","protected":false},"excerpt":{"rendered":"<p>PRIVACY POLICY La Cena de los Locos Restaurant 1. Information to the user Eventos Terra y Mar S.L., hereinafter RESPONSIBLE, is Responsible for the processing of the User&#8217;s personal data and informs you that these data will be processed in accordance with the provisions of current regulations on personal data protection, Regulation (EU) 2016 \/679 [&hellip;]<\/p>\n","protected":false},"author":1,"featured_media":1756,"parent":0,"menu_order":100,"comment_status":"closed","ping_status":"closed","template":"elementor_header_footer","meta":{"footnotes":""},"class_list":["post-2585","page","type-page","status-publish","has-post-thumbnail","hentry"],"_links":{"self":[{"href":"https:\/\/www.restaurantedespedidas.es\/en\/wp-json\/wp\/v2\/pages\/2585","targetHints":{"allow":["GET"]}}],"collection":[{"href":"https:\/\/www.restaurantedespedidas.es\/en\/wp-json\/wp\/v2\/pages"}],"about":[{"href":"https:\/\/www.restaurantedespedidas.es\/en\/wp-json\/wp\/v2\/types\/page"}],"author":[{"embeddable":true,"href":"https:\/\/www.restaurantedespedidas.es\/en\/wp-json\/wp\/v2\/users\/1"}],"replies":[{"embeddable":true,"href":"https:\/\/www.restaurantedespedidas.es\/en\/wp-json\/wp\/v2\/comments?post=2585"}],"version-history":[{"count":0,"href":"https:\/\/www.restaurantedespedidas.es\/en\/wp-json\/wp\/v2\/pages\/2585\/revisions"}],"wp:featuredmedia":[{"embeddable":true,"href":"https:\/\/www.restaurantedespedidas.es\/en\/wp-json\/wp\/v2\/media\/1756"}],"wp:attachment":[{"href":"https:\/\/www.restaurantedespedidas.es\/en\/wp-json\/wp\/v2\/media?parent=2585"}],"curies":[{"name":"wp","href":"https:\/\/api.w.org\/{rel}","templated":true}]}}